{"id":9228,"date":"2025-01-06T19:49:33","date_gmt":"2025-01-06T19:49:33","guid":{"rendered":"https:\/\/infoswebsite.raquelmoura.pt\/?page_id=9228"},"modified":"2026-04-22T10:21:42","modified_gmt":"2026-04-22T10:21:42","slug":"data-centre","status":"publish","type":"page","link":"https:\/\/infos.pt\/en\/datacenter\/","title":{"rendered":"Datacenter"},"content":{"rendered":"<div data-elementor-type=\"wp-page\" data-elementor-id=\"9228\" class=\"elementor elementor-9228\">\n\t\t\t\t\t\t<section class=\"elementor-section elementor-top-section elementor-element elementor-element-8dbd990 elementor-section-full_width elementor-section-height-default elementor-section-height-default wpr-particle-no wpr-jarallax-no wpr-parallax-no wpr-sticky-section-no\" data-id=\"8dbd990\" data-element_type=\"section\" data-e-type=\"section\" data-settings=\"{&quot;background_background&quot;:&quot;classic&quot;}\">\n\t\t\t\t\t\t\t<div class=\"elementor-background-overlay\"><\/div>\n\t\t\t\t\t\t\t<div class=\"elementor-container elementor-column-gap-no\">\n\t\t\t\t\t<div class=\"elementor-column elementor-col-100 elementor-top-column elementor-element elementor-element-6df52033\" data-id=\"6df52033\" data-element_type=\"column\" data-e-type=\"column\">\n\t\t\t<div class=\"elementor-widget-wrap elementor-element-populated\">\n\t\t\t\t\t\t<div class=\"elementor-element elementor-element-1e5aec87 elementor-widget elementor-widget-heading\" data-id=\"1e5aec87\" data-element_type=\"widget\" data-e-type=\"widget\" data-widget_type=\"heading.default\">\n\t\t\t\t<div class=\"elementor-widget-container\">\n\t\t\t\t\t<h2 class=\"elementor-heading-title elementor-size-default\">Datacenter<\/h2>\t\t\t\t<\/div>\n\t\t\t\t<\/div>\n\t\t\t\t<div class=\"elementor-element elementor-element-559b77e6 elementor-invisible elementor-widget elementor-widget-text-editor\" data-id=\"559b77e6\" data-element_type=\"widget\" data-e-type=\"widget\" data-settings=\"{&quot;_animation&quot;:&quot;fadeInUp&quot;}\" data-widget_type=\"text-editor.default\">\n\t\t\t\t<div class=\"elementor-widget-container\">\n\t\t\t\t\t\t\t\t\t<p>INFOS has a duly certified technical team dedicated to surveying and designing Datacenter solutions. The solutions presented are always designed with the aim of implementing the best security measures for the client's data.<\/p>\t\t\t\t\t\t\t\t<\/div>\n\t\t\t\t<\/div>\n\t\t\t\t<div class=\"elementor-element elementor-element-349e7f73 elementor-icon-list--layout-inline elementor-align-center elementor-list-item-link-full_width elementor-widget elementor-widget-icon-list\" data-id=\"349e7f73\" data-element_type=\"widget\" data-e-type=\"widget\" data-widget_type=\"icon-list.default\">\n\t\t\t\t<div class=\"elementor-widget-container\">\n\t\t\t\t\t\t\t<ul class=\"elementor-icon-list-items elementor-inline-items\">\n\t\t\t\t\t\t\t<li class=\"elementor-icon-list-item elementor-inline-item\">\n\t\t\t\t\t\t\t\t\t\t\t<a href=\"https:\/\/infos.pt\/en\/\">\n\n\t\t\t\t\t\t\t\t\t\t\t<span class=\"elementor-icon-list-text\">Home<\/span>\n\t\t\t\t\t\t\t\t\t\t\t<\/a>\n\t\t\t\t\t\t\t\t\t<\/li>\n\t\t\t\t\t\t\t\t<li class=\"elementor-icon-list-item elementor-inline-item\">\n\t\t\t\t\t\t\t\t\t\t\t<a href=\"https:\/\/infos.pt\/en\/data-centre\/\">\n\n\t\t\t\t\t\t\t\t\t\t\t\t<span class=\"elementor-icon-list-icon\">\n\t\t\t\t\t\t\t<i aria-hidden=\"true\" class=\"icon icon-double-angle-pointing-to-right\"><\/i>\t\t\t\t\t\t<\/span>\n\t\t\t\t\t\t\t\t\t\t<span class=\"elementor-icon-list-text\">Datacenter<\/span>\n\t\t\t\t\t\t\t\t\t\t\t<\/a>\n\t\t\t\t\t\t\t\t\t<\/li>\n\t\t\t\t\t\t<\/ul>\n\t\t\t\t\t\t<\/div>\n\t\t\t\t<\/div>\n\t\t\t\t\t<\/div>\n\t\t<\/div>\n\t\t\t\t\t<\/div>\n\t\t<\/section>\n\t\t<div class=\"elementor-element elementor-element-3174c0c2 e-flex e-con-boxed wpr-particle-no wpr-jarallax-no wpr-parallax-no wpr-sticky-section-no e-con e-parent\" data-id=\"3174c0c2\" data-element_type=\"container\" data-e-type=\"container\">\n\t\t\t\t\t<div class=\"e-con-inner\">\n\t\t<div class=\"elementor-element elementor-element-2f9f5243 e-con-full e-flex wpr-particle-no wpr-jarallax-no wpr-parallax-no wpr-sticky-section-no e-con e-child\" data-id=\"2f9f5243\" data-element_type=\"container\" data-e-type=\"container\">\n\t\t\t\t<div class=\"elementor-element elementor-element-228cb9da elementor-widget elementor-widget-heading\" data-id=\"228cb9da\" data-element_type=\"widget\" data-e-type=\"widget\" data-widget_type=\"heading.default\">\n\t\t\t\t<div class=\"elementor-widget-container\">\n\t\t\t\t\t<h2 class=\"elementor-heading-title elementor-size-default\">Datacenter<\/h2>\t\t\t\t<\/div>\n\t\t\t\t<\/div>\n\t\t\t\t<div class=\"elementor-element elementor-element-2962047d elementor-widget elementor-widget-text-editor\" data-id=\"2962047d\" data-element_type=\"widget\" data-e-type=\"widget\" data-widget_type=\"text-editor.default\">\n\t\t\t\t<div class=\"elementor-widget-container\">\n\t\t\t\t\t\t\t\t\t<p>The implementations of these systems are based on processing and storage infrastructures, always prioritizing solutions with high availability and performance.<\/p><div class=\"bl-text clUm8Y1cd6\" data-bl-name=\"Title\" data-bl-id=\"cF6MgVUMrof\" data-bl-index=\"0\" data-content-id=\"nVRKQuzBuN\"><p><strong>Solutions:<\/strong><\/p><\/div><div class=\"bl-block cfsmkL0gyPH\" data-bl-name=\"bullets\" data-bl-id=\"cif8Zd8y28sX\" data-bl-index=\"0\" data-content-id=\"nVRKQuzBuN\"><div class=\"bl-block cA405OPLAkS\" data-bl-name=\"Bullet 1\" data-bl-id=\"cT1FYUn6id95\" data-bl-index=\"0\" data-content-id=\"nVRKQuzBuN\"><div class=\"bl-text c5Ng6lNLCe\" data-bl-name=\"Text\" data-bl-id=\"cBNQev0DIb2M\" data-bl-index=\"0\" data-content-id=\"nVRKQuzBuN\"><p>\u2022 Systems engineering services<\/p><p>\u2022 Implementation of high availability solutions<\/p><p>\u2022 Disaster recovery solutions<\/p><p>\u2022 Storage solutions (Storage &amp; NAS)<\/p><p>\u2022 Server solutions<\/p><p>\u2022 Switching<\/p><p>\u2022 Racks<\/p><p>\u2022 Environmental monitoring and alarming<\/p><p>\u2022 UPS<\/p><p>Rooms with fire detection and suppression system<\/p><p>\u2022 Technical floors<\/p><\/div><\/div><\/div>\t\t\t\t\t\t\t\t<\/div>\n\t\t\t\t<\/div>\n\t\t\t\t<\/div>\n\t\t<div class=\"elementor-element elementor-element-a8af7ad e-con-full e-flex wpr-particle-no wpr-jarallax-no wpr-parallax-no wpr-sticky-section-no e-con e-child\" data-id=\"a8af7ad\" data-element_type=\"container\" data-e-type=\"container\">\n\t\t\t\t<div class=\"elementor-element elementor-element-15fcb82b elementor-widget elementor-widget-image\" data-id=\"15fcb82b\" data-element_type=\"widget\" data-e-type=\"widget\" data-widget_type=\"image.default\">\n\t\t\t\t<div class=\"elementor-widget-container\">\n\t\t\t\t\t\t\t\t\t\t\t\t\t\t\t<img fetchpriority=\"high\" decoding=\"async\" width=\"800\" height=\"448\" src=\"https:\/\/infos.pt\/wp-content\/uploads\/2025\/01\/infos-datacenter.jpg\" class=\"attachment-large size-large wp-image-9296\" alt=\"\" srcset=\"https:\/\/infos.pt\/wp-content\/uploads\/2025\/01\/infos-datacenter.jpg 1024w, https:\/\/infos.pt\/wp-content\/uploads\/2025\/01\/infos-datacenter-300x168.jpg 300w, https:\/\/infos.pt\/wp-content\/uploads\/2025\/01\/infos-datacenter-768x431.jpg 768w\" sizes=\"(max-width: 800px) 100vw, 800px\" \/>\t\t\t\t\t\t\t\t\t\t\t\t\t\t\t<\/div>\n\t\t\t\t<\/div>\n\t\t\t\t<\/div>\n\t\t\t\t\t<\/div>\n\t\t\t\t<\/div>\n\t\t<div class=\"elementor-element elementor-element-4f4fbd0 e-flex e-con-boxed wpr-particle-no wpr-jarallax-no wpr-parallax-no wpr-sticky-section-no e-con e-parent\" data-id=\"4f4fbd0\" data-element_type=\"container\" data-e-type=\"container\" data-settings=\"{&quot;background_background&quot;:&quot;gradient&quot;}\">\n\t\t\t\t\t<div class=\"e-con-inner\">\n\t\t<div class=\"elementor-element elementor-element-2c700f8 e-con-full e-flex wpr-particle-no wpr-jarallax-no wpr-parallax-no wpr-sticky-section-no e-con e-child\" data-id=\"2c700f8\" data-element_type=\"container\" data-e-type=\"container\">\n\t\t\t\t<div class=\"elementor-element elementor-element-44f1484 elementor-widget elementor-widget-text-editor\" data-id=\"44f1484\" data-element_type=\"widget\" data-e-type=\"widget\" data-widget_type=\"text-editor.default\">\n\t\t\t\t<div class=\"elementor-widget-container\">\n\t\t\t\t\t\t\t\t\t<h2 style=\"text-align: center;\"><span style=\"color: #ffffff;\">Contact Us<\/span><\/h2><p style=\"text-align: center;\"><span style=\"color: #ffffff;\">We're just a click away.<\/span><\/p>\t\t\t\t\t\t\t\t<\/div>\n\t\t\t\t<\/div>\n\t\t\t\t<\/div>\n\t\t<div class=\"elementor-element elementor-element-4e05109 e-con-full e-flex wpr-particle-no wpr-jarallax-no wpr-parallax-no wpr-sticky-section-no e-con e-child\" data-id=\"4e05109\" data-element_type=\"container\" data-e-type=\"container\">\n\t\t\t\t<div class=\"elementor-element elementor-element-5399013 elementor-align-center elementor-widget elementor-widget-button\" data-id=\"5399013\" data-element_type=\"widget\" data-e-type=\"widget\" data-widget_type=\"button.default\">\n\t\t\t\t<div class=\"elementor-widget-container\">\n\t\t\t\t\t\t\t\t\t<div class=\"elementor-button-wrapper\">\n\t\t\t\t\t<a class=\"elementor-button elementor-button-link elementor-size-sm\" href=\"https:\/\/infos.pt\/en\/contact\/\">\n\t\t\t\t\t\t<span class=\"elementor-button-content-wrapper\">\n\t\t\t\t\t\t\t\t\t<span class=\"elementor-button-text\">Contact Us<\/span>\n\t\t\t\t\t<\/span>\n\t\t\t\t\t<\/a>\n\t\t\t\t<\/div>\n\t\t\t\t\t\t\t\t<\/div>\n\t\t\t\t<\/div>\n\t\t\t\t<\/div>\n\t\t\t\t\t<\/div>\n\t\t\t\t<\/div>\n\t\t\t\t<\/div>","protected":false},"excerpt":{"rendered":"<p>Datacenter A INFOS tem uma equipa t\u00e9cnica devidamente certificada, no levantamento e desenho de solu\u00e7\u00f5es de Datacenter. As solu\u00e7\u00f5es apresentadas s\u00e3o sempre desenhadas na \u00f3tica da implementa\u00e7\u00e3o das melhores medidas de seguran\u00e7a dos dados do cliente. In\u00edcio Datacenter Datacenter As implementa\u00e7\u00f5es destes sistemas assentam em infraestruturas de processamento e armazenamento, privilegiando sempre solu\u00e7\u00f5es com alta disponibilidade e desempenho. Solu\u00e7\u00f5es: \u2022 Servi\u00e7os de engenharia de sistemas \u2022 Implementa\u00e7\u00e3o de solu\u00e7\u00f5es de alta disponibilidade \u2022 Solu\u00e7\u00f5es de Disaster recovery \u2022 Solu\u00e7\u00f5es de armazenamento (Storage &amp; NAS) \u2022 Solu\u00e7\u00f5es servidor \u2022 Switching \u2022 Racks \u2022 Monitoriza\u00e7\u00e3o ambiental e alarm\u00edstica \u2022 UPS \u2022 Salas com sistema de dete\u00e7\u00e3o e extin\u00e7\u00e3o de inc\u00eandio \u2022 Pavimentos t\u00e9cnicos Contacte-nos Estamos apenas \u00e0 dist\u00e2ncia de um clique. Fale Connosco<\/p>","protected":false},"author":1,"featured_media":0,"parent":0,"menu_order":0,"comment_status":"closed","ping_status":"closed","template":"","meta":{"_monsterinsights_skip_tracking":false,"_monsterinsights_sitenote_active":false,"_monsterinsights_sitenote_note":"","_monsterinsights_sitenote_category":0,"footnotes":""},"class_list":["post-9228","page","type-page","status-publish","hentry"],"_links":{"self":[{"href":"https:\/\/infos.pt\/en\/wp-json\/wp\/v2\/pages\/9228","targetHints":{"allow":["GET"]}}],"collection":[{"href":"https:\/\/infos.pt\/en\/wp-json\/wp\/v2\/pages"}],"about":[{"href":"https:\/\/infos.pt\/en\/wp-json\/wp\/v2\/types\/page"}],"author":[{"embeddable":true,"href":"https:\/\/infos.pt\/en\/wp-json\/wp\/v2\/users\/1"}],"replies":[{"embeddable":true,"href":"https:\/\/infos.pt\/en\/wp-json\/wp\/v2\/comments?post=9228"}],"version-history":[{"count":38,"href":"https:\/\/infos.pt\/en\/wp-json\/wp\/v2\/pages\/9228\/revisions"}],"predecessor-version":[{"id":13365,"href":"https:\/\/infos.pt\/en\/wp-json\/wp\/v2\/pages\/9228\/revisions\/13365"}],"wp:attachment":[{"href":"https:\/\/infos.pt\/en\/wp-json\/wp\/v2\/media?parent=9228"}],"curies":[{"name":"wp","href":"https:\/\/api.w.org\/{rel}","templated":true}]}}